{"id":24,"date":"2016-12-02T19:42:43","date_gmt":"2016-12-02T18:42:43","guid":{"rendered":"http:\/\/onysk.pl\/?page_id=24"},"modified":"2018-04-19T05:47:23","modified_gmt":"2018-04-19T03:47:23","slug":"kontakt","status":"publish","type":"page","link":"https:\/\/www.onysk.pl\/index.php\/kontakt\/","title":{"rendered":"Kontakt"},"content":{"rendered":"<div id=\"pl-24\"  class=\"panel-layout\" ><div id=\"pg-24-0\"  class=\"panel-grid panel-no-style\" ><div id=\"pgc-24-0-0\"  class=\"panel-grid-cell panel-grid-cell-empty\" ><\/div><div id=\"pgc-24-0-1\"  class=\"panel-grid-cell\" ><div id=\"panel-24-0-1-0\" class=\"so-panel widget widget_sow-editor panel-first-child panel-last-child\" data-index=\"0\" ><div\n\t\t\t\n\t\t\tclass=\"so-widget-sow-editor so-widget-sow-editor-base\"\n\t\t\t\n\t\t>\n<div class=\"siteorigin-widget-tinymce textwidget\">\n\t<p><img decoding=\"async\" loading=\"lazy\" class=\"alignleft size-medium wp-image-92\" src=\"http:\/\/onysk.pl\/wp-content\/uploads\/2016\/12\/cont-300x300.jpg\" alt=\"\" width=\"300\" height=\"300\" srcset=\"https:\/\/www.onysk.pl\/wp-content\/uploads\/2016\/12\/cont-300x300.jpg 300w, https:\/\/www.onysk.pl\/wp-content\/uploads\/2016\/12\/cont-150x150.jpg 150w, https:\/\/www.onysk.pl\/wp-content\/uploads\/2016\/12\/cont.jpg 346w\" sizes=\"(max-width: 300px) 100vw, 300px\" \/><strong>Ub\u00f3j, Handel Artyku\u0142ami Mi\u0119snymi<\/strong><br \/> <strong> Euzebia i Ryszard Ony\u015bk Sp\u00f3\u0142ka Jawna<\/strong><\/p>\n<p>NIP: 823 14 26 476<br \/> REGON: 71 16 20 347<br \/> KRS: 0000070383<\/p>\n<p>Dzierzby 45<br \/> 08-304 Jab\u0142onna Lacka<\/p>\n<p>tel. +48 25 787 18 79<br \/> tel. +48 698 599 622<br \/> tel. +48 606 856 357<br \/> tel. +48 606 856 381<br \/> e-mail: onysk@interia.pl<\/p>\n<\/div>\n<\/div><\/div><\/div><\/div><div id=\"pg-24-1\"  class=\"panel-grid panel-no-style\" ><div id=\"pgc-24-1-0\"  class=\"panel-grid-cell\" ><div id=\"panel-24-1-0-0\" class=\"so-panel widget widget_sow-editor panel-first-child panel-last-child\" data-index=\"1\" ><div\n\t\t\t\n\t\t\tclass=\"so-widget-sow-editor so-widget-sow-editor-base\"\n\t\t\t\n\t\t>\n<div class=\"siteorigin-widget-tinymce textwidget\">\n\t<p><iframe loading=\"lazy\" style=\"border: 0;\" src=\"https:\/\/www.google.com\/maps\/embed?pb=!1m18!1m12!1m3!1d2175.327042946103!2d22.428357815605587!3d52.52372497981497!2m3!1f0!2f0!3f0!3m2!1i1024!2i768!4f13.1!3m3!1m2!1s0x471f70e75af9d6fd%3A0x9e780efb1d0fafff!2sOny%C5%9Bk+Euzebia+i+Ryszard.+Handel+artyku%C5%82ami+mi%C4%99snymi!5e1!3m2!1spl!2spl!4v1480899609223\" width=\"1200\" height=\"300\" frameborder=\"0\" allowfullscreen=\"allowfullscreen\"><\/iframe><\/p>\n<\/div>\n<\/div><\/div><\/div><\/div><\/div>","protected":false},"excerpt":{"rendered":"<p>Ub\u00f3j, Handel Artyku\u0142ami Mi\u0119snymi Euzebia i Ryszard Ony\u015bk Sp\u00f3\u0142ka Jawna NIP: 823 14 26 476 REGON: 71 16 20 347 KRS: 0000070383 Dzierzby 45 08-304 Jab\u0142onna Lacka tel. +48 25 787 18 79 tel. +48 698 599 622 tel. +48 &hellip; <a href=\"https:\/\/www.onysk.pl\/index.php\/kontakt\/\">Czytaj wi\u0119cej<\/a><\/p>\n","protected":false},"author":1,"featured_media":0,"parent":0,"menu_order":0,"comment_status":"closed","ping_status":"closed","template":"page-contact.php","meta":[],"_links":{"self":[{"href":"https:\/\/www.onysk.pl\/index.php\/wp-json\/wp\/v2\/pages\/24"}],"collection":[{"href":"https:\/\/www.onysk.pl\/index.php\/wp-json\/wp\/v2\/pages"}],"about":[{"href":"https:\/\/www.onysk.pl\/index.php\/wp-json\/wp\/v2\/types\/page"}],"author":[{"embeddable":true,"href":"https:\/\/www.onysk.pl\/index.php\/wp-json\/wp\/v2\/users\/1"}],"replies":[{"embeddable":true,"href":"https:\/\/www.onysk.pl\/index.php\/wp-json\/wp\/v2\/comments?post=24"}],"version-history":[{"count":99,"href":"https:\/\/www.onysk.pl\/index.php\/wp-json\/wp\/v2\/pages\/24\/revisions"}],"predecessor-version":[{"id":278,"href":"https:\/\/www.onysk.pl\/index.php\/wp-json\/wp\/v2\/pages\/24\/revisions\/278"}],"wp:attachment":[{"href":"https:\/\/www.onysk.pl\/index.php\/wp-json\/wp\/v2\/media?parent=24"}],"curies":[{"name":"wp","href":"https:\/\/api.w.org\/{rel}","templated":true}]}}