{"id":14,"date":"2016-12-02T19:40:01","date_gmt":"2016-12-02T18:40:01","guid":{"rendered":"http:\/\/onysk.pl\/?page_id=14"},"modified":"2016-12-13T20:05:04","modified_gmt":"2016-12-13T19:05:04","slug":"o-firmie","status":"publish","type":"page","link":"https:\/\/www.onysk.pl\/","title":{"rendered":"O Firmie"},"content":{"rendered":"<div id=\"pl-14\"  class=\"panel-layout\" ><div id=\"pg-14-0\"  class=\"panel-grid panel-no-style\" ><div id=\"pgc-14-0-0\"  class=\"panel-grid-cell\" ><div id=\"panel-14-0-0-0\" class=\"so-panel widget widget_text panel-first-child panel-last-child\" data-index=\"0\" >\t\t\t<div class=\"textwidget\"><p>Sp\u00f3\u0142ka Jawna Ub\u00f3j, Handel Artyku\u0142ami Mi\u0119snymi Euzebia i Ryszard Ony\u015bk znajduje si\u0119 w Dzierzbach, gmina Jab\u0142onna Lacka, powiat Soko\u0142\u00f3w podlaski. Jest to firma rodzinna, kt\u00f3rej dzia\u0142alno\u015b\u0107 rozpocz\u0119\u0142a si\u0119 w 1998 roku. <\/p>\n<p>W powsta\u0142ej ubojni odpowiednio przystosowanych budynkach gospodarczych, spe\u0142niaj\u0105cych obowi\u0105zuj\u0105ce przepisy dotycz\u0105ce wymaga\u0144 sanitarnych oraz wymogi systemu HACCP i \u015bcis\u0142ym nadzorem s\u0142u\u017cb weterynaryjnych odbywa si\u0119 ub\u00f3j zwierz\u0105t. <\/p>\n<p>Przedmiotem dzia\u0142alno\u015bci jest skup byd\u0142a oraz ich ub\u00f3j, a nast\u0119pnie sprzeda\u017c \u0107wier\u0107 tusz wo\u0142owych, czy koniny na rynku krajowym. Wraz z rozwojem firmy zmodernizowano Sp\u00f3\u0142k\u0119, by dostosowa\u0107 j\u0105 do przepis\u00f3w Unii Europejskiej.<\/p>\n<p>Efektem stara\u0144 rodziny jest posiadanie uprawnie\u0144 do handlu na Rynku Europejskim gdzie od d\u0142u\u017cszego czasu bardzo dobrze sobie radzi prowadz\u0105c elastyczn\u0105 polityk\u0119 cenow\u0105, zdobywaj\u0105c nowych kontrahent\u00f3w. Nasza Firma wyra\u017ca r\u00f3wnie\u017c sta\u0142\u0105 gotowo\u015b\u0107 do zawierania wsp\u00f3\u0142pracy, to te\u017c wszystkich zainteresowanych serdecznie zapraszamy.<\/p>\n<\/div>\n\t\t<\/div><\/div><\/div><\/div>","protected":false},"excerpt":{"rendered":"<p>Sp\u00f3\u0142ka Jawna Ub\u00f3j, Handel Artyku\u0142ami Mi\u0119snymi Euzebia i Ryszard Ony\u015bk znajduje si\u0119 w Dzierzbach, gmina Jab\u0142onna Lacka, powiat Soko\u0142\u00f3w podlaski. Jest to firma rodzinna, kt\u00f3rej dzia\u0142alno\u015b\u0107 rozpocz\u0119\u0142a si\u0119 w 1998 roku. W powsta\u0142ej ubojni odpowiednio przystosowanych budynkach gospodarczych, spe\u0142niaj\u0105cych obowi\u0105zuj\u0105ce &hellip; <a href=\"https:\/\/www.onysk.pl\/\">Czytaj wi\u0119cej<\/a><\/p>\n","protected":false},"author":1,"featured_media":0,"parent":0,"menu_order":0,"comment_status":"closed","ping_status":"closed","template":"page-fullwidth.php","meta":[],"_links":{"self":[{"href":"https:\/\/www.onysk.pl\/index.php\/wp-json\/wp\/v2\/pages\/14"}],"collection":[{"href":"https:\/\/www.onysk.pl\/index.php\/wp-json\/wp\/v2\/pages"}],"about":[{"href":"https:\/\/www.onysk.pl\/index.php\/wp-json\/wp\/v2\/types\/page"}],"author":[{"embeddable":true,"href":"https:\/\/www.onysk.pl\/index.php\/wp-json\/wp\/v2\/users\/1"}],"replies":[{"embeddable":true,"href":"https:\/\/www.onysk.pl\/index.php\/wp-json\/wp\/v2\/comments?post=14"}],"version-history":[{"count":29,"href":"https:\/\/www.onysk.pl\/index.php\/wp-json\/wp\/v2\/pages\/14\/revisions"}],"predecessor-version":[{"id":225,"href":"https:\/\/www.onysk.pl\/index.php\/wp-json\/wp\/v2\/pages\/14\/revisions\/225"}],"wp:attachment":[{"href":"https:\/\/www.onysk.pl\/index.php\/wp-json\/wp\/v2\/media?parent=14"}],"curies":[{"name":"wp","href":"https:\/\/api.w.org\/{rel}","templated":true}]}}